{"id":16,"date":"2023-07-10T14:50:07","date_gmt":"2023-07-10T12:50:07","guid":{"rendered":"http:\/\/localhost:8888\/sisjon\/?page_id=16"},"modified":"2023-09-12T18:19:20","modified_gmt":"2023-09-12T16:19:20","slug":"om-oss","status":"publish","type":"page","link":"https:\/\/iallafall.se\/sisjon\/om-oss\/","title":{"rendered":"Om oss"},"content":{"rendered":"\n<div class=\"wp-block-columns is-layout-flex wp-container-core-columns-is-layout-9d6595d7 wp-block-columns-is-layout-flex\">\n<div class=\"wp-block-column is-layout-flow wp-block-column-is-layout-flow\">\n<h1 class=\"wp-block-heading\">Om oss<\/h1>\n\n\n\n<p>Med \u00f6ver 20 \u00e5r i branschen s\u00e5 har&nbsp;vi <strong>l\u00e5ng erfarenhet<\/strong>&nbsp;av alla typer av skadereparationer.<br>Att l\u00e4mna in bilen till oss ska alltid k\u00e4nnas tryggt och enkelt.<\/p>\n\n\n\n<p>Vi vill vara \u201dn\u00e4rbutiken\u201d inom verkstadsbranschen och \u00e4r d\u00e4rf\u00f6r lika noga med kvalitet som personlig<br>service.<\/p>\n\n\n\n<p>Genom att vara lyh\u00f6rda och flexibla kan vi enkelt komma \u00f6verens och d\u00e4rmed anpassa v\u00e5rt hantverk efter just din vardag. En trygghet f\u00f6r dig, en sj\u00e4lvklarhet f\u00f6r oss.<\/p>\n\n\n\n<p>Vi utf\u00f6r skadereparationer p\u00e5 personbilar och har samarbete dem flesta f\u00f6rs\u00e4kringsbolag.<\/p>\n\n\n\n<p><\/p>\n<\/div>\n\n\n\n<div class=\"wp-block-column is-layout-flow wp-block-column-is-layout-flow\">\n<figure class=\"wp-block-image size-full\"><img loading=\"lazy\" decoding=\"async\" width=\"800\" height=\"534\" src=\"https:\/\/iallafall.se\/sisjon\/wp-content\/uploads\/2023\/09\/sisjon-billack-entre.jpg\" alt=\"\" class=\"wp-image-107\" srcset=\"https:\/\/iallafall.se\/sisjon\/wp-content\/uploads\/2023\/09\/sisjon-billack-entre.jpg 800w, https:\/\/iallafall.se\/sisjon\/wp-content\/uploads\/2023\/09\/sisjon-billack-entre-300x200.jpg 300w, https:\/\/iallafall.se\/sisjon\/wp-content\/uploads\/2023\/09\/sisjon-billack-entre-768x513.jpg 768w\" sizes=\"auto, (max-width: 800px) 100vw, 800px\" \/><\/figure>\n<\/div>\n<\/div>\n","protected":false},"excerpt":{"rendered":"<p>Om oss Med \u00f6ver 20 \u00e5r i branschen s\u00e5 har&nbsp;vi l\u00e5ng erfarenhet&nbsp;av alla typer av skadereparationer.Att l\u00e4mna in bilen till oss ska alltid k\u00e4nnas tryggt och enkelt. Vi vill vara \u201dn\u00e4rbutiken\u201d inom verkstadsbranschen och \u00e4r d\u00e4rf\u00f6r lika noga med kvalitet som personligservice. Genom att vara lyh\u00f6rda och flexibla kan vi enkelt komma \u00f6verens och d\u00e4rmed [&hellip;]<\/p>\n","protected":false},"author":1,"featured_media":0,"parent":0,"menu_order":0,"comment_status":"closed","ping_status":"closed","template":"","meta":{"footnotes":""},"class_list":["post-16","page","type-page","status-publish","hentry"],"acf":[],"_links":{"self":[{"href":"https:\/\/iallafall.se\/sisjon\/wp-json\/wp\/v2\/pages\/16","targetHints":{"allow":["GET"]}}],"collection":[{"href":"https:\/\/iallafall.se\/sisjon\/wp-json\/wp\/v2\/pages"}],"about":[{"href":"https:\/\/iallafall.se\/sisjon\/wp-json\/wp\/v2\/types\/page"}],"author":[{"embeddable":true,"href":"https:\/\/iallafall.se\/sisjon\/wp-json\/wp\/v2\/users\/1"}],"replies":[{"embeddable":true,"href":"https:\/\/iallafall.se\/sisjon\/wp-json\/wp\/v2\/comments?post=16"}],"version-history":[{"count":3,"href":"https:\/\/iallafall.se\/sisjon\/wp-json\/wp\/v2\/pages\/16\/revisions"}],"predecessor-version":[{"id":108,"href":"https:\/\/iallafall.se\/sisjon\/wp-json\/wp\/v2\/pages\/16\/revisions\/108"}],"wp:attachment":[{"href":"https:\/\/iallafall.se\/sisjon\/wp-json\/wp\/v2\/media?parent=16"}],"curies":[{"name":"wp","href":"https:\/\/api.w.org\/{rel}","templated":true}]}}