{"id":22,"date":"2023-07-10T14:51:05","date_gmt":"2023-07-10T12:51:05","guid":{"rendered":"http:\/\/localhost:8888\/sisjon\/?page_id=20"},"modified":"2023-09-04T20:21:12","modified_gmt":"2023-09-04T18:21:12","slug":"partners","status":"publish","type":"page","link":"https:\/\/iallafall.se\/sisjon\/partners\/","title":{"rendered":"Partners"},"content":{"rendered":"\n<h1 class=\"wp-block-heading\">Partners<\/h1>\n\n\n\n<p>Det \u00e4r viktigt med bra samarbetspartners. Vi samarbetar med de flesta f\u00f6rs\u00e4kringsbolag, allt f\u00f6r att<br>ge b\u00e4sta service till kunden.<\/p>\n\n\n\n<div class=\"wp-block-columns is-layout-flex wp-container-core-columns-is-layout-9d6595d7 wp-block-columns-is-layout-flex\">\n<div class=\"wp-block-column is-layout-flow wp-block-column-is-layout-flow\"><div class=\"wp-block-image\">\n<figure class=\"aligncenter size-full\"><img loading=\"lazy\" decoding=\"async\" width=\"800\" height=\"400\" src=\"https:\/\/iallafall.se\/sisjon\/wp-content\/uploads\/2023\/09\/forenade-bil-logo.jpg\" alt=\"F\u00f6renade bil\" class=\"wp-image-87\" srcset=\"https:\/\/iallafall.se\/sisjon\/wp-content\/uploads\/2023\/09\/forenade-bil-logo.jpg 800w, https:\/\/iallafall.se\/sisjon\/wp-content\/uploads\/2023\/09\/forenade-bil-logo-300x150.jpg 300w, https:\/\/iallafall.se\/sisjon\/wp-content\/uploads\/2023\/09\/forenade-bil-logo-768x384.jpg 768w\" sizes=\"auto, (max-width: 800px) 100vw, 800px\" \/><\/figure>\n<\/div><\/div>\n\n\n\n<div class=\"wp-block-column is-layout-flow wp-block-column-is-layout-flow\"><div class=\"wp-block-image\">\n<figure class=\"aligncenter size-full\"><img loading=\"lazy\" decoding=\"async\" width=\"800\" height=\"400\" src=\"https:\/\/iallafall.se\/sisjon\/wp-content\/uploads\/2023\/08\/autocolor.png\" alt=\"\" class=\"wp-image-78\" srcset=\"https:\/\/iallafall.se\/sisjon\/wp-content\/uploads\/2023\/08\/autocolor.png 800w, https:\/\/iallafall.se\/sisjon\/wp-content\/uploads\/2023\/08\/autocolor-300x150.png 300w, https:\/\/iallafall.se\/sisjon\/wp-content\/uploads\/2023\/08\/autocolor-768x384.png 768w\" sizes=\"auto, (max-width: 800px) 100vw, 800px\" \/><\/figure>\n<\/div><\/div>\n\n\n\n<div class=\"wp-block-column is-layout-flow wp-block-column-is-layout-flow\"><div class=\"wp-block-image\">\n<figure class=\"aligncenter size-full\"><img loading=\"lazy\" decoding=\"async\" width=\"800\" height=\"400\" src=\"https:\/\/iallafall.se\/sisjon\/wp-content\/uploads\/2023\/08\/lansforsakringar.png\" alt=\"\" class=\"wp-image-79\" srcset=\"https:\/\/iallafall.se\/sisjon\/wp-content\/uploads\/2023\/08\/lansforsakringar.png 800w, https:\/\/iallafall.se\/sisjon\/wp-content\/uploads\/2023\/08\/lansforsakringar-300x150.png 300w, https:\/\/iallafall.se\/sisjon\/wp-content\/uploads\/2023\/08\/lansforsakringar-768x384.png 768w\" sizes=\"auto, (max-width: 800px) 100vw, 800px\" \/><\/figure>\n<\/div><\/div>\n\n\n\n<div class=\"wp-block-column is-layout-flow wp-block-column-is-layout-flow\"><div class=\"wp-block-image\">\n<figure class=\"aligncenter size-full\"><img loading=\"lazy\" decoding=\"async\" width=\"800\" height=\"400\" src=\"https:\/\/iallafall.se\/sisjon\/wp-content\/uploads\/2023\/08\/if-forsakringar.png\" alt=\"\" class=\"wp-image-80\" srcset=\"https:\/\/iallafall.se\/sisjon\/wp-content\/uploads\/2023\/08\/if-forsakringar.png 800w, https:\/\/iallafall.se\/sisjon\/wp-content\/uploads\/2023\/08\/if-forsakringar-300x150.png 300w, https:\/\/iallafall.se\/sisjon\/wp-content\/uploads\/2023\/08\/if-forsakringar-768x384.png 768w\" sizes=\"auto, (max-width: 800px) 100vw, 800px\" \/><\/figure>\n<\/div><\/div>\n<\/div>\n","protected":false},"excerpt":{"rendered":"<p>Partners Det \u00e4r viktigt med bra samarbetspartners. Vi samarbetar med de flesta f\u00f6rs\u00e4kringsbolag, allt f\u00f6r attge b\u00e4sta service till kunden.<\/p>\n","protected":false},"author":1,"featured_media":0,"parent":0,"menu_order":0,"comment_status":"closed","ping_status":"closed","template":"","meta":{"footnotes":""},"class_list":["post-22","page","type-page","status-publish","hentry"],"acf":[],"_links":{"self":[{"href":"https:\/\/iallafall.se\/sisjon\/wp-json\/wp\/v2\/pages\/22","targetHints":{"allow":["GET"]}}],"collection":[{"href":"https:\/\/iallafall.se\/sisjon\/wp-json\/wp\/v2\/pages"}],"about":[{"href":"https:\/\/iallafall.se\/sisjon\/wp-json\/wp\/v2\/types\/page"}],"author":[{"embeddable":true,"href":"https:\/\/iallafall.se\/sisjon\/wp-json\/wp\/v2\/users\/1"}],"replies":[{"embeddable":true,"href":"https:\/\/iallafall.se\/sisjon\/wp-json\/wp\/v2\/comments?post=22"}],"version-history":[{"count":5,"href":"https:\/\/iallafall.se\/sisjon\/wp-json\/wp\/v2\/pages\/22\/revisions"}],"predecessor-version":[{"id":88,"href":"https:\/\/iallafall.se\/sisjon\/wp-json\/wp\/v2\/pages\/22\/revisions\/88"}],"wp:attachment":[{"href":"https:\/\/iallafall.se\/sisjon\/wp-json\/wp\/v2\/media?parent=22"}],"curies":[{"name":"wp","href":"https:\/\/api.w.org\/{rel}","templated":true}]}}