{"id":23,"date":"2023-07-10T14:51:32","date_gmt":"2023-07-10T12:51:32","guid":{"rendered":"http:\/\/localhost:8888\/sisjon\/?page_id=22"},"modified":"2023-08-17T15:28:27","modified_gmt":"2023-08-17T13:28:27","slug":"jobba-hos-oss","status":"publish","type":"page","link":"https:\/\/iallafall.se\/sisjon\/jobba-hos-oss\/","title":{"rendered":"Jobba hos oss"},"content":{"rendered":"\n<div class=\"wp-block-columns is-layout-flex wp-container-core-columns-is-layout-9d6595d7 wp-block-columns-is-layout-flex\">\n<div class=\"wp-block-column is-layout-flow wp-block-column-is-layout-flow\">\n<h1 class=\"wp-block-heading\">Jobba hos oss<\/h1>\n\n\n\n<p>Vi s\u00f6ker just nu transportbilschauff\u00f6r med YKB och C-kort<\/p>\n\n\n\n<p><a href=\"https:\/\/iallafall.se\/sisjon\/kontakt\/\" data-type=\"page\" data-id=\"28\">Ans\u00f6k genom att kontakta oss med CV<\/a><\/p>\n<\/div>\n\n\n\n<div class=\"wp-block-column is-layout-flow wp-block-column-is-layout-flow\">\n<figure class=\"wp-block-image size-large\"><img loading=\"lazy\" decoding=\"async\" width=\"1024\" height=\"683\" src=\"https:\/\/iallafall.se\/sisjon\/wp-content\/uploads\/2023\/08\/Amplifyphoto__C6A9840-1024x683.jpg\" alt=\"\" class=\"wp-image-69\" srcset=\"https:\/\/iallafall.se\/sisjon\/wp-content\/uploads\/2023\/08\/Amplifyphoto__C6A9840-1024x683.jpg 1024w, https:\/\/iallafall.se\/sisjon\/wp-content\/uploads\/2023\/08\/Amplifyphoto__C6A9840-300x200.jpg 300w, https:\/\/iallafall.se\/sisjon\/wp-content\/uploads\/2023\/08\/Amplifyphoto__C6A9840-768x512.jpg 768w, https:\/\/iallafall.se\/sisjon\/wp-content\/uploads\/2023\/08\/Amplifyphoto__C6A9840-1536x1024.jpg 1536w, https:\/\/iallafall.se\/sisjon\/wp-content\/uploads\/2023\/08\/Amplifyphoto__C6A9840-2048x1366.jpg 2048w\" sizes=\"auto, (max-width: 1024px) 100vw, 1024px\" \/><\/figure>\n<\/div>\n<\/div>\n","protected":false},"excerpt":{"rendered":"<p>Jobba hos oss Vi s\u00f6ker just nu transportbilschauff\u00f6r med YKB och C-kort Ans\u00f6k genom att kontakta oss med CV<\/p>\n","protected":false},"author":1,"featured_media":0,"parent":0,"menu_order":0,"comment_status":"closed","ping_status":"closed","template":"","meta":{"footnotes":""},"class_list":["post-23","page","type-page","status-publish","hentry"],"acf":[],"_links":{"self":[{"href":"https:\/\/iallafall.se\/sisjon\/wp-json\/wp\/v2\/pages\/23","targetHints":{"allow":["GET"]}}],"collection":[{"href":"https:\/\/iallafall.se\/sisjon\/wp-json\/wp\/v2\/pages"}],"about":[{"href":"https:\/\/iallafall.se\/sisjon\/wp-json\/wp\/v2\/types\/page"}],"author":[{"embeddable":true,"href":"https:\/\/iallafall.se\/sisjon\/wp-json\/wp\/v2\/users\/1"}],"replies":[{"embeddable":true,"href":"https:\/\/iallafall.se\/sisjon\/wp-json\/wp\/v2\/comments?post=23"}],"version-history":[{"count":4,"href":"https:\/\/iallafall.se\/sisjon\/wp-json\/wp\/v2\/pages\/23\/revisions"}],"predecessor-version":[{"id":71,"href":"https:\/\/iallafall.se\/sisjon\/wp-json\/wp\/v2\/pages\/23\/revisions\/71"}],"wp:attachment":[{"href":"https:\/\/iallafall.se\/sisjon\/wp-json\/wp\/v2\/media?parent=23"}],"curies":[{"name":"wp","href":"https:\/\/api.w.org\/{rel}","templated":true}]}}