{"id":28,"date":"2023-07-10T14:52:45","date_gmt":"2023-07-10T12:52:45","guid":{"rendered":"http:\/\/localhost:8888\/sisjon\/?page_id=28"},"modified":"2023-09-18T11:38:00","modified_gmt":"2023-09-18T09:38:00","slug":"kontakt","status":"publish","type":"page","link":"https:\/\/iallafall.se\/sisjon\/kontakt\/","title":{"rendered":"Kontakt"},"content":{"rendered":"\n<div class=\"wp-block-columns is-layout-flex wp-container-core-columns-is-layout-9d6595d7 wp-block-columns-is-layout-flex\">\n<div class=\"wp-block-column is-layout-flow wp-block-column-is-layout-flow\">\n<h1 class=\"wp-block-heading\">Kontakt<\/h1>\n\n\n\n<p><strong>\u00d6ppettider:<\/strong> <br>M\u00e5n-fre 07-16.<br><br><strong>Adress:<\/strong><br>S\u00f6dra L\u00e5ngebergsgatan 26b<br>436 32 Askim<\/p>\n\n\n\n<p><strong>Mail:<\/strong><br>info@sisjonsbillack.se<\/p>\n\n\n\n<p><strong>Telefon:<\/strong> <br>031-281333<\/p>\n<\/div>\n\n\n\n<div class=\"wp-block-column is-layout-flow wp-block-column-is-layout-flow\">\n<figure class=\"wp-block-image size-large\"><img loading=\"lazy\" decoding=\"async\" width=\"1024\" height=\"683\" src=\"https:\/\/iallafall.se\/sisjon\/wp-content\/uploads\/2023\/09\/Amplifyphoto__C6A9803-1024x683.jpg\" alt=\"\" class=\"wp-image-120\" srcset=\"https:\/\/iallafall.se\/sisjon\/wp-content\/uploads\/2023\/09\/Amplifyphoto__C6A9803-1024x683.jpg 1024w, https:\/\/iallafall.se\/sisjon\/wp-content\/uploads\/2023\/09\/Amplifyphoto__C6A9803-300x200.jpg 300w, https:\/\/iallafall.se\/sisjon\/wp-content\/uploads\/2023\/09\/Amplifyphoto__C6A9803-768x512.jpg 768w, https:\/\/iallafall.se\/sisjon\/wp-content\/uploads\/2023\/09\/Amplifyphoto__C6A9803-1536x1024.jpg 1536w, https:\/\/iallafall.se\/sisjon\/wp-content\/uploads\/2023\/09\/Amplifyphoto__C6A9803-2048x1366.jpg 2048w\" sizes=\"auto, (max-width: 1024px) 100vw, 1024px\" \/><\/figure>\n<\/div>\n<\/div>\n","protected":false},"excerpt":{"rendered":"<p>Kontakt \u00d6ppettider: M\u00e5n-fre 07-16. Adress:S\u00f6dra L\u00e5ngebergsgatan 26b436 32 Askim Mail:info@sisjonsbillack.se Telefon: 031-281333<\/p>\n","protected":false},"author":1,"featured_media":0,"parent":0,"menu_order":0,"comment_status":"closed","ping_status":"closed","template":"","meta":{"footnotes":""},"class_list":["post-28","page","type-page","status-publish","hentry"],"acf":[],"_links":{"self":[{"href":"https:\/\/iallafall.se\/sisjon\/wp-json\/wp\/v2\/pages\/28","targetHints":{"allow":["GET"]}}],"collection":[{"href":"https:\/\/iallafall.se\/sisjon\/wp-json\/wp\/v2\/pages"}],"about":[{"href":"https:\/\/iallafall.se\/sisjon\/wp-json\/wp\/v2\/types\/page"}],"author":[{"embeddable":true,"href":"https:\/\/iallafall.se\/sisjon\/wp-json\/wp\/v2\/users\/1"}],"replies":[{"embeddable":true,"href":"https:\/\/iallafall.se\/sisjon\/wp-json\/wp\/v2\/comments?post=28"}],"version-history":[{"count":2,"href":"https:\/\/iallafall.se\/sisjon\/wp-json\/wp\/v2\/pages\/28\/revisions"}],"predecessor-version":[{"id":121,"href":"https:\/\/iallafall.se\/sisjon\/wp-json\/wp\/v2\/pages\/28\/revisions\/121"}],"wp:attachment":[{"href":"https:\/\/iallafall.se\/sisjon\/wp-json\/wp\/v2\/media?parent=28"}],"curies":[{"name":"wp","href":"https:\/\/api.w.org\/{rel}","templated":true}]}}