{"id":48,"date":"2023-07-11T16:43:29","date_gmt":"2023-07-11T14:43:29","guid":{"rendered":"https:\/\/iallafall.se\/sisjon\/?page_id=48"},"modified":"2023-09-18T11:34:05","modified_gmt":"2023-09-18T09:34:05","slug":"ppg-autocolor","status":"publish","type":"page","link":"https:\/\/iallafall.se\/sisjon\/ppg-autocolor\/","title":{"rendered":"PPG AUTOCOLOR"},"content":{"rendered":"\n<div class=\"wp-block-columns is-layout-flex wp-container-core-columns-is-layout-9d6595d7 wp-block-columns-is-layout-flex\">\n<div class=\"wp-block-column is-layout-flow wp-block-column-is-layout-flow\">\n<figure class=\"wp-block-image size-full\"><img loading=\"lazy\" decoding=\"async\" width=\"800\" height=\"400\" src=\"https:\/\/iallafall.se\/sisjon\/wp-content\/uploads\/2023\/08\/autocolor.png\" alt=\"\" class=\"wp-image-78\" srcset=\"https:\/\/iallafall.se\/sisjon\/wp-content\/uploads\/2023\/08\/autocolor.png 800w, https:\/\/iallafall.se\/sisjon\/wp-content\/uploads\/2023\/08\/autocolor-300x150.png 300w, https:\/\/iallafall.se\/sisjon\/wp-content\/uploads\/2023\/08\/autocolor-768x384.png 768w\" sizes=\"auto, (max-width: 800px) 100vw, 800px\" \/><\/figure>\n\n\n\n<p>Vi anv\u00e4nder oss av material fr\u00e5n PPG Autocolor. En stabil samarbetspartner sedan m\u00e5nga \u00e5r tillbaka.<\/p>\n\n\n\n<p>Nexa Autocolor\u00ae-produkterna&nbsp;ger kunderna en konkurrensf\u00f6rdel. Genom att implementera<br>avancerade reparationsl\u00f6sningar hj\u00e4lper de verkst\u00e4derna att f\u00e5 en mer effektiv verksamhet.<br>Varum\u00e4rket&nbsp;Nexa Autocolor&nbsp;st\u00e4rker hela tiden sin image genom att leverera ledande och innovativa<br>produkter, en fantastisk kul\u00f6rkvalitet och effektiva reparationsprocesser.<\/p>\n\n\n\n<p>Med all denna expertis som genomsyrar utvecklingen av v\u00e5ra billacksprodukter \u00e4r det enkelt att v\u00e4lja varum\u00e4rket&nbsp;Nexa Autocolor&nbsp;som billacksleverant\u00f6r.<\/p>\n\n\n\n<p>Nexa Autocolor&nbsp;produktportf\u00f6lj har en l\u00f6sning f\u00f6r alla situationer, fr\u00e5n&nbsp;Aquabase\u00ae&nbsp;Plus till v\u00e5rt<br>omfattande utbud av HS+ klarlacker och&nbsp;2K\u00ae&nbsp;HS+ Direct Gloss.&nbsp;\u201dTack vare v\u00e5rt&nbsp;n\u00e4ra samarbete med alla originalutrustningstillverkare&nbsp;har vi alltid tillg\u00e5ng till de senaste f\u00e4rgerna. Sedan 2006 har&nbsp;Aquabase&nbsp;Plus introducerat&nbsp;25 nya pigment&nbsp;som svar p\u00e5 \u00f6kningen av mer komplexa och special effektf\u00e4rger.<\/p>\n\n\n\n<p>Vi \u00e4r stolta \u00f6ver v\u00e5r&nbsp;konstanta f\u00e4rgmatchning&nbsp;som alltid uppn\u00e5s med&nbsp;Aquabase&nbsp;Plus.<\/p>\n<\/div>\n\n\n\n<div class=\"wp-block-column is-layout-flow wp-block-column-is-layout-flow\">\n<figure class=\"wp-block-image size-large\"><img loading=\"lazy\" decoding=\"async\" width=\"1024\" height=\"683\" src=\"https:\/\/iallafall.se\/sisjon\/wp-content\/uploads\/2023\/08\/Amplifyphoto__C6A9730-1024x683.jpg\" alt=\"\" class=\"wp-image-66\" srcset=\"https:\/\/iallafall.se\/sisjon\/wp-content\/uploads\/2023\/08\/Amplifyphoto__C6A9730-1024x683.jpg 1024w, https:\/\/iallafall.se\/sisjon\/wp-content\/uploads\/2023\/08\/Amplifyphoto__C6A9730-300x200.jpg 300w, https:\/\/iallafall.se\/sisjon\/wp-content\/uploads\/2023\/08\/Amplifyphoto__C6A9730-768x512.jpg 768w, https:\/\/iallafall.se\/sisjon\/wp-content\/uploads\/2023\/08\/Amplifyphoto__C6A9730-1536x1024.jpg 1536w, https:\/\/iallafall.se\/sisjon\/wp-content\/uploads\/2023\/08\/Amplifyphoto__C6A9730-2048x1366.jpg 2048w\" sizes=\"auto, (max-width: 1024px) 100vw, 1024px\" \/><\/figure>\n<\/div>\n<\/div>\n","protected":false},"excerpt":{"rendered":"<p>Vi anv\u00e4nder oss av material fr\u00e5n PPG Autocolor. En stabil samarbetspartner sedan m\u00e5nga \u00e5r tillbaka. Nexa Autocolor\u00ae-produkterna&nbsp;ger kunderna en konkurrensf\u00f6rdel. Genom att implementeraavancerade reparationsl\u00f6sningar hj\u00e4lper de verkst\u00e4derna att f\u00e5 en mer effektiv verksamhet.Varum\u00e4rket&nbsp;Nexa Autocolor&nbsp;st\u00e4rker hela tiden sin image genom att leverera ledande och innovativaprodukter, en fantastisk kul\u00f6rkvalitet och effektiva reparationsprocesser. Med all denna expertis som [&hellip;]<\/p>\n","protected":false},"author":1,"featured_media":0,"parent":0,"menu_order":0,"comment_status":"closed","ping_status":"closed","template":"","meta":{"footnotes":""},"class_list":["post-48","page","type-page","status-publish","hentry"],"acf":[],"_links":{"self":[{"href":"https:\/\/iallafall.se\/sisjon\/wp-json\/wp\/v2\/pages\/48","targetHints":{"allow":["GET"]}}],"collection":[{"href":"https:\/\/iallafall.se\/sisjon\/wp-json\/wp\/v2\/pages"}],"about":[{"href":"https:\/\/iallafall.se\/sisjon\/wp-json\/wp\/v2\/types\/page"}],"author":[{"embeddable":true,"href":"https:\/\/iallafall.se\/sisjon\/wp-json\/wp\/v2\/users\/1"}],"replies":[{"embeddable":true,"href":"https:\/\/iallafall.se\/sisjon\/wp-json\/wp\/v2\/comments?post=48"}],"version-history":[{"count":5,"href":"https:\/\/iallafall.se\/sisjon\/wp-json\/wp\/v2\/pages\/48\/revisions"}],"predecessor-version":[{"id":119,"href":"https:\/\/iallafall.se\/sisjon\/wp-json\/wp\/v2\/pages\/48\/revisions\/119"}],"wp:attachment":[{"href":"https:\/\/iallafall.se\/sisjon\/wp-json\/wp\/v2\/media?parent=48"}],"curies":[{"name":"wp","href":"https:\/\/api.w.org\/{rel}","templated":true}]}}