{"id":7,"date":"2023-07-10T14:29:15","date_gmt":"2023-07-10T12:29:15","guid":{"rendered":"http:\/\/localhost:8888\/sisjon\/?page_id=5"},"modified":"2023-09-18T11:32:59","modified_gmt":"2023-09-18T09:32:59","slug":"start","status":"publish","type":"page","link":"https:\/\/iallafall.se\/sisjon\/","title":{"rendered":"Start"},"content":{"rendered":"\n<h3 class=\"wp-block-heading has-text-align-center\">Har du f\u00e5tt en skada p\u00e5 din bil som du vill \u00e5tg\u00e4rda v\u00e4lj n\u00e5got av stegen nedan.<\/h3>\n\n\n\n<p><\/p>\n\n\n\n<p><\/p>\n\n\n\n<div class=\"wp-block-columns is-layout-flex wp-container-core-columns-is-layout-9d6595d7 wp-block-columns-is-layout-flex\">\n<div class=\"wp-block-column is-layout-flow wp-block-column-is-layout-flow\"><div class=\" has-text-align-center\"><i class=\"fa-solid fa-car-burst fa-fw\" style=\"color: #333333;\"><\/i><\/div>\n\n\n<h4 class=\"wp-block-heading has-text-align-center\">Skadebesiktning<\/h4>\n<\/div>\n\n\n\n<div class=\"wp-block-column is-layout-flow wp-block-column-is-layout-flow\"><div class=\" has-text-align-center\"><i class=\"fa-solid fa-camera-retro fa-fw\" style=\"color: #333333;\"><\/i><\/div>\n\n\n<h4 class=\"wp-block-heading has-text-align-center\">Fotobesiktning<\/h4>\n<\/div>\n<\/div>\n","protected":false},"excerpt":{"rendered":"<p>Har du f\u00e5tt en skada p\u00e5 din bil som du vill \u00e5tg\u00e4rda v\u00e4lj n\u00e5got av stegen nedan. Skadebesiktning Fotobesiktning<\/p>\n","protected":false},"author":1,"featured_media":0,"parent":0,"menu_order":0,"comment_status":"closed","ping_status":"closed","template":"template-start.php","meta":{"footnotes":""},"class_list":["post-7","page","type-page","status-publish","hentry"],"acf":[],"_links":{"self":[{"href":"https:\/\/iallafall.se\/sisjon\/wp-json\/wp\/v2\/pages\/7","targetHints":{"allow":["GET"]}}],"collection":[{"href":"https:\/\/iallafall.se\/sisjon\/wp-json\/wp\/v2\/pages"}],"about":[{"href":"https:\/\/iallafall.se\/sisjon\/wp-json\/wp\/v2\/types\/page"}],"author":[{"embeddable":true,"href":"https:\/\/iallafall.se\/sisjon\/wp-json\/wp\/v2\/users\/1"}],"replies":[{"embeddable":true,"href":"https:\/\/iallafall.se\/sisjon\/wp-json\/wp\/v2\/comments?post=7"}],"version-history":[{"count":10,"href":"https:\/\/iallafall.se\/sisjon\/wp-json\/wp\/v2\/pages\/7\/revisions"}],"predecessor-version":[{"id":117,"href":"https:\/\/iallafall.se\/sisjon\/wp-json\/wp\/v2\/pages\/7\/revisions\/117"}],"wp:attachment":[{"href":"https:\/\/iallafall.se\/sisjon\/wp-json\/wp\/v2\/media?parent=7"}],"curies":[{"name":"wp","href":"https:\/\/api.w.org\/{rel}","templated":true}]}}